{"id":20,"date":"2021-01-22T10:57:50","date_gmt":"2021-01-22T10:57:50","guid":{"rendered":"https:\/\/avadawebsites.wpengine.com\/handyman\/?page_id=20"},"modified":"2025-12-16T20:45:24","modified_gmt":"2025-12-16T18:45:24","slug":"questions-frequemment-posees","status":"publish","type":"page","link":"https:\/\/jdemenakuchyn.cz\/fr\/frequenty-asked-questions\/","title":{"rendered":"Questions fr\u00e9quemment pos\u00e9es"},"content":{"rendered":"<div class=\"fusion-fullwidth fullwidth-box fusion-builder-row-1 fusion-flex-container nonhundred-percent-fullwidth non-hundred-percent-height-scrolling fusion-animated\" style=\"--awb-border-radius-top-left:0px;--awb-border-radius-top-right:0px;--awb-border-radius-bottom-right:0px;--awb-border-radius-bottom-left:0px;--awb-padding-top:30px;--awb-padding-bottom:0px;--awb-padding-top-small:0px;--awb-flex-wrap:wrap;\" data-animationtype=\"fadeInUp\" data-animationduration=\"1.3\" data-animationoffset=\"top-into-view\" ><div class=\"fusion-builder-row fusion-row fusion-flex-align-items-flex-start fusion-flex-justify-content-center fusion-flex-content-wrap\" style=\"max-width:calc( 1200px + 80px );margin-left: calc(-80px \/ 2 );margin-right: calc(-80px \/ 2 );\"><div class=\"fusion-layout-column fusion_builder_column fusion-builder-column-0 fusion_builder_column_4_5 4_5 fusion-flex-column\" style=\"--awb-bg-size:cover;--awb-width-large:80%;--awb-margin-top-large:0px;--awb-spacing-right-large:40px;--awb-margin-bottom-large:80px;--awb-spacing-left-large:40px;--awb-width-medium:80%;--awb-order-medium:0;--awb-spacing-right-medium:40px;--awb-margin-bottom-medium:70px;--awb-spacing-left-medium:40px;--awb-width-small:100%;--awb-order-small:0;--awb-spacing-right-small:40px;--awb-margin-bottom-small:40px;--awb-spacing-left-small:40px;\"><div class=\"fusion-column-wrapper fusion-column-has-shadow fusion-flex-justify-content-flex-start fusion-content-layout-column\"><div class=\"fusion-text fusion-text-1 fusion-text-no-margin\" style=\"--awb-content-alignment:center;--awb-font-size:var(--awb-typography2-font-size);--awb-line-height:var(--awb-typography2-line-height);--awb-letter-spacing:var(--awb-typography2-letter-spacing);--awb-text-transform:var(--awb-typography2-text-transform);--awb-margin-bottom:10px;--awb-text-font-family:var(--awb-typography2-font-family);--awb-text-font-weight:var(--awb-typography2-font-weight);--awb-text-font-style:var(--awb-typography2-font-style);\"><p>Service d'assemblage de haut niveau<\/p>\n<\/div><div class=\"fusion-title title fusion-title-1 fusion-sep-none fusion-title-center fusion-title-text fusion-title-size-two\" style=\"--awb-margin-bottom:30px;--awb-margin-top-small:10px;--awb-margin-right-small:0px;--awb-margin-bottom-small:30px;--awb-margin-left-small:0px;\"><h2 class=\"fusion-title-heading title-heading-center\" style=\"margin:0;letter-spacing:-1px;text-transform:capitalize;\">Nous vous aidons<\/h2><\/div><div class=\"fusion-text fusion-text-2 fusion-text-no-margin\" style=\"--awb-content-alignment:center;--awb-margin-right:10%;--awb-margin-bottom:0px;--awb-margin-left:10%;\"><p>Vous trouverez ici les r\u00e9ponses aux questions les plus courantes, mais n'h\u00e9sitez pas \u00e0 nous contacter via le bouton WhatsApp situ\u00e9 dans le coin inf\u00e9rieur droit de l'\u00e9cran. Nous r\u00e9pondons g\u00e9n\u00e9ralement imm\u00e9diatement pendant les heures de travail.<\/p>\n<\/div><\/div><\/div><div class=\"fusion-layout-column fusion_builder_column fusion-builder-column-1 fusion_builder_column_1_3 1_3 fusion-flex-column\" style=\"--awb-bg-size:cover;--awb-width-large:33.333333333333%;--awb-margin-top-large:0px;--awb-spacing-right-large:40px;--awb-margin-bottom-large:80px;--awb-spacing-left-large:40px;--awb-width-medium:33.333333333333%;--awb-order-medium:0;--awb-spacing-right-medium:40px;--awb-spacing-left-medium:40px;--awb-width-small:100%;--awb-order-small:0;--awb-spacing-right-small:40px;--awb-margin-bottom-small:30px;--awb-spacing-left-small:40px;\"><div class=\"fusion-column-wrapper fusion-column-has-shadow fusion-flex-justify-content-center fusion-content-layout-row\"><ul style=\"--awb-size:22px;--awb-line-height:37.4px;--awb-icon-width:37.4px;--awb-icon-height:37.4px;--awb-icon-margin:15.4px;--awb-content-margin:52.8px;\" class=\"fusion-checklist fusion-checklist-1 fusion-checklist-default type-icons\"><li class=\"fusion-li-item\" style=\"\"><span class=\"icon-wrapper circle-no\"><i class=\"fusion-li-icon fa-clock far\" aria-hidden=\"true\"><\/i><\/span><div class=\"fusion-li-item-content\">\n<p>Nous respectons les d\u00e9lais<\/p>\n<\/div><\/li><\/ul><\/div><\/div><div class=\"fusion-layout-column fusion_builder_column fusion-builder-column-2 fusion_builder_column_1_3 1_3 fusion-flex-column\" style=\"--awb-bg-size:cover;--awb-width-large:33.333333333333%;--awb-margin-top-large:0px;--awb-spacing-right-large:40px;--awb-margin-bottom-large:80px;--awb-spacing-left-large:40px;--awb-width-medium:33.333333333333%;--awb-order-medium:0;--awb-spacing-right-medium:40px;--awb-spacing-left-medium:40px;--awb-width-small:100%;--awb-order-small:0;--awb-spacing-right-small:40px;--awb-margin-bottom-small:30px;--awb-spacing-left-small:40px;\"><div class=\"fusion-column-wrapper fusion-column-has-shadow fusion-flex-justify-content-center fusion-content-layout-row\"><ul style=\"--awb-size:22px;--awb-line-height:37.4px;--awb-icon-width:37.4px;--awb-icon-height:37.4px;--awb-icon-margin:15.4px;--awb-content-margin:52.8px;\" class=\"fusion-checklist fusion-checklist-2 fusion-checklist-default type-icons\"><li class=\"fusion-li-item\" style=\"\"><span class=\"icon-wrapper circle-no\"><i class=\"fusion-li-icon fa-hourglass far\" aria-hidden=\"true\"><\/i><\/span><div class=\"fusion-li-item-content\">\n<p>Nous r\u00e9agissons imm\u00e9diatement<\/p>\n<\/div><\/li><\/ul><\/div><\/div><div class=\"fusion-layout-column fusion_builder_column fusion-builder-column-3 fusion_builder_column_1_3 1_3 fusion-flex-column\" style=\"--awb-bg-size:cover;--awb-width-large:33.333333333333%;--awb-margin-top-large:0px;--awb-spacing-right-large:40px;--awb-margin-bottom-large:80px;--awb-spacing-left-large:40px;--awb-width-medium:33.333333333333%;--awb-order-medium:0;--awb-spacing-right-medium:40px;--awb-spacing-left-medium:40px;--awb-width-small:100%;--awb-order-small:0;--awb-spacing-right-small:40px;--awb-margin-bottom-small:50px;--awb-spacing-left-small:40px;\"><div class=\"fusion-column-wrapper fusion-column-has-shadow fusion-flex-justify-content-center fusion-content-layout-row\"><ul style=\"--awb-size:22px;--awb-line-height:37.4px;--awb-icon-width:37.4px;--awb-icon-height:37.4px;--awb-icon-margin:15.4px;--awb-content-margin:52.8px;\" class=\"fusion-checklist fusion-checklist-3 fusion-checklist-default type-icons\"><li class=\"fusion-li-item\" style=\"\"><span class=\"icon-wrapper circle-no\"><i class=\"fusion-li-icon fa-award fas\" aria-hidden=\"true\"><\/i><\/span><div class=\"fusion-li-item-content\">\n<p>Garantie de satisfaction<\/p>\n<\/div><\/li><\/ul><\/div><\/div><div class=\"fusion-layout-column fusion_builder_column fusion-builder-column-4 fusion_builder_column_1_2 1_2 fusion-flex-column\" style=\"--awb-bg-size:cover;--awb-width-large:50%;--awb-margin-top-large:0px;--awb-spacing-right-large:40px;--awb-margin-bottom-large:70px;--awb-spacing-left-large:40px;--awb-width-medium:50%;--awb-order-medium:0;--awb-spacing-right-medium:40px;--awb-spacing-left-medium:40px;--awb-width-small:100%;--awb-order-small:1;--awb-spacing-right-small:40px;--awb-margin-bottom-small:0px;--awb-spacing-left-small:40px;\"><div class=\"fusion-column-wrapper fusion-column-has-shadow fusion-flex-justify-content-flex-start fusion-content-layout-column\"><div class=\"accordian fusion-accordian\" style=\"--awb-border-size:2px;--awb-icon-size:16px;--awb-content-font-size:var(--awb-typography4-font-size);--awb-icon-alignment:left;--awb-hover-color:var(--awb-color1);--awb-border-color:var(--awb-color4);--awb-background-color:var(--awb-color1);--awb-divider-color:var(--awb-color3);--awb-divider-hover-color:var(--awb-color3);--awb-icon-color:var(--awb-color4);--awb-title-color:var(--awb-color8);--awb-content-color:var(--awb-color8);--awb-icon-box-color:var(--awb-color7);--awb-toggle-hover-accent-color:var(--awb-color4);--awb-title-font-family:var(--awb-typography1-font-family);--awb-title-font-weight:var(--awb-typography1-font-weight);--awb-title-font-style:var(--awb-typography1-font-style);--awb-title-font-size:20px;--awb-content-font-family:var(--awb-typography4-font-family);--awb-content-font-weight:var(--awb-typography4-font-weight);--awb-content-font-style:var(--awb-typography4-font-style);\"><div class=\"panel-group fusion-toggle-icon-unboxed\" id=\"accordion-20-1\"><div class=\"fusion-panel panel-default panel-fa9adcbc13ef90592 fusion-toggle-no-divider fusion-toggle-boxed-mode\" style=\"--awb-title-color:var(--awb-color8);--awb-content-color:var(--awb-color8);\"><div class=\"panel-heading\"><h4 class=\"panel-title toggle\" id=\"toggle_fa9adcbc13ef90592\"><a aria-expanded=\"false\" aria-controls=\"fa9adcbc13ef90592\" role=\"button\" data-toggle=\"collapse\" data-parent=\"#accordion-20-1\" data-target=\"#fa9adcbc13ef90592\" href=\"#fa9adcbc13ef90592\"><span class=\"fusion-toggle-icon-wrapper\" aria-hidden=\"true\"><i class=\"fa-fusion-box active-icon awb-icon-minus\" aria-hidden=\"true\"><\/i><i class=\"fa-fusion-box inactive-icon awb-icon-plus\" aria-hidden=\"true\"><\/i><\/span><span class=\"fusion-toggle-heading\">Co\u00fbt de l'assemblage d'une cuisine IKEA pour vous ?<\/span><\/a><\/h4><\/div><div id=\"fa9adcbc13ef90592\" class=\"panel-collapse collapse\" aria-labelledby=\"toggle_fa9adcbc13ef90592\"><div class=\"panel-body toggle-content fusion-clearfix\">\n<p>Le prix de l'assemblage d'une cuisine IKEA compl\u00e8te (y compris les plans de travail, les d\u00e9coupes, le c\u00e2blage des appareils, etc.) est de 1700 CZK par meuble. Si votre cuisine se compose de 12 meubles, nous vous facturerons 1700 x 12 = 20 400 CZK. Et vous aurez une cuisine enti\u00e8rement fonctionnelle.<\/p>\n<\/div><\/div><\/div><div class=\"fusion-panel panel-default panel-ca157fd14a054ac41 fusion-toggle-no-divider fusion-toggle-boxed-mode\" style=\"--awb-title-color:var(--awb-color8);--awb-content-color:var(--awb-color8);\"><div class=\"panel-heading\"><h4 class=\"panel-title toggle\" id=\"toggle_ca157fd14a054ac41\"><a aria-expanded=\"false\" aria-controls=\"ca157fd14a054ac41\" role=\"button\" data-toggle=\"collapse\" data-parent=\"#accordion-20-1\" data-target=\"#ca157fd14a054ac41\" href=\"#ca157fd14a054ac41\"><span class=\"fusion-toggle-icon-wrapper\" aria-hidden=\"true\"><i class=\"fa-fusion-box active-icon awb-icon-minus\" aria-hidden=\"true\"><\/i><i class=\"fa-fusion-box inactive-icon awb-icon-plus\" aria-hidden=\"true\"><\/i><\/span><span class=\"fusion-toggle-heading\">Quel est le co\u00fbt des services de planification et de mesure ?<\/span><\/a><\/h4><\/div><div id=\"ca157fd14a054ac41\" class=\"panel-collapse collapse\" aria-labelledby=\"toggle_ca157fd14a054ac41\"><div class=\"panel-body toggle-content fusion-clearfix\">\n<p>Les frais de planification et d'orientation s'\u00e9l\u00e8vent \u00e0 3 000 CZK.<\/p>\n<\/div><\/div><\/div><div class=\"fusion-panel panel-default panel-8c1738bcb77ff27a3 fusion-toggle-no-divider fusion-toggle-boxed-mode\" style=\"--awb-title-color:var(--awb-color8);--awb-content-color:var(--awb-color8);\"><div class=\"panel-heading\"><h4 class=\"panel-title toggle\" id=\"toggle_8c1738bcb77ff27a3\"><a aria-expanded=\"false\" aria-controls=\"8c1738bcb77ff27a3\" role=\"button\" data-toggle=\"collapse\" data-parent=\"#accordion-20-1\" data-target=\"#8c1738bcb77ff27a3\" href=\"#8c1738bcb77ff27a3\"><span class=\"fusion-toggle-icon-wrapper\" aria-hidden=\"true\"><i class=\"fa-fusion-box active-icon awb-icon-minus\" aria-hidden=\"true\"><\/i><i class=\"fa-fusion-box inactive-icon awb-icon-plus\" aria-hidden=\"true\"><\/i><\/span><span class=\"fusion-toggle-heading\">Garantissez-vous vos services d'installation ?<\/span><\/a><\/h4><\/div><div id=\"8c1738bcb77ff27a3\" class=\"panel-collapse collapse\" aria-labelledby=\"toggle_8c1738bcb77ff27a3\"><div class=\"panel-body toggle-content fusion-clearfix\">\n<p>\u201cLa \u201dgarantie d'assemblage\" est une pure connerie commerciale. Je construirai tout selon les r\u00e8gles de l'art pour que vous ne perdiez pas la garantie IKEA de 25 ans.<\/p>\n<\/div><\/div><\/div><div class=\"fusion-panel panel-default panel-db8c56bd205d169a6 fusion-toggle-no-divider fusion-toggle-boxed-mode\" style=\"--awb-title-color:var(--awb-color8);--awb-content-color:var(--awb-color8);\"><div class=\"panel-heading\"><h4 class=\"panel-title toggle\" id=\"toggle_db8c56bd205d169a6\"><a aria-expanded=\"false\" aria-controls=\"db8c56bd205d169a6\" role=\"button\" data-toggle=\"collapse\" data-parent=\"#accordion-20-1\" data-target=\"#db8c56bd205d169a6\" href=\"#db8c56bd205d169a6\"><span class=\"fusion-toggle-icon-wrapper\" aria-hidden=\"true\"><i class=\"fa-fusion-box active-icon awb-icon-minus\" aria-hidden=\"true\"><\/i><i class=\"fa-fusion-box inactive-icon awb-icon-plus\" aria-hidden=\"true\"><\/i><\/span><span class=\"fusion-toggle-heading\">Pouvez-vous apporter des modifications \u00e0 la pr\u00e9paration du b\u00e2timent (eau et \u00e9lectricit\u00e9) ?<\/span><\/a><\/h4><\/div><div id=\"db8c56bd205d169a6\" class=\"panel-collapse collapse\" aria-labelledby=\"toggle_db8c56bd205d169a6\"><div class=\"panel-body toggle-content fusion-clearfix\">\n<p>Oui, nous pouvons apporter des modifications lors de la pr\u00e9paration de la construction et pendant l'installation de la cuisine.<\/p>\n<\/div><\/div><\/div><\/div><\/div><\/div><\/div><div class=\"fusion-layout-column fusion_builder_column fusion-builder-column-5 fusion_builder_column_1_2 1_2 fusion-flex-column\" style=\"--awb-padding-top-small:0px;--awb-bg-size:cover;--awb-width-large:50%;--awb-margin-top-large:0px;--awb-spacing-right-large:40px;--awb-margin-bottom-large:70px;--awb-spacing-left-large:40px;--awb-width-medium:50%;--awb-order-medium:0;--awb-spacing-right-medium:40px;--awb-spacing-left-medium:40px;--awb-width-small:100%;--awb-order-small:3;--awb-spacing-right-small:40px;--awb-spacing-left-small:40px;\"><div class=\"fusion-column-wrapper fusion-column-has-shadow fusion-flex-justify-content-flex-start fusion-content-layout-column\"><div class=\"accordian fusion-accordian\" style=\"--awb-border-size:2px;--awb-icon-size:16px;--awb-content-font-size:var(--awb-typography4-font-size);--awb-icon-alignment:left;--awb-hover-color:var(--awb-color1);--awb-border-color:var(--awb-color4);--awb-background-color:var(--awb-color1);--awb-divider-color:var(--awb-color3);--awb-divider-hover-color:var(--awb-color3);--awb-icon-color:var(--awb-color4);--awb-title-color:var(--awb-color8);--awb-content-color:var(--awb-color8);--awb-icon-box-color:var(--awb-color7);--awb-toggle-hover-accent-color:var(--awb-color4);--awb-title-font-family:var(--awb-typography1-font-family);--awb-title-font-weight:var(--awb-typography1-font-weight);--awb-title-font-style:var(--awb-typography1-font-style);--awb-title-font-size:20px;--awb-content-font-family:var(--awb-typography4-font-family);--awb-content-font-weight:var(--awb-typography4-font-weight);--awb-content-font-style:var(--awb-typography4-font-style);\"><div class=\"panel-group fusion-toggle-icon-unboxed\" id=\"accordion-20-2\"><div class=\"fusion-panel panel-default panel-59b32348560e35b3e fusion-toggle-no-divider fusion-toggle-boxed-mode\" style=\"--awb-title-color:var(--awb-color8);--awb-content-color:var(--awb-color8);\"><div class=\"panel-heading\"><h4 class=\"panel-title toggle\" id=\"toggle_59b32348560e35b3e\"><a aria-expanded=\"false\" aria-controls=\"59b32348560e35b3e\" role=\"button\" data-toggle=\"collapse\" data-parent=\"#accordion-20-2\" data-target=\"#59b32348560e35b3e\" href=\"#59b32348560e35b3e\"><span class=\"fusion-toggle-icon-wrapper\" aria-hidden=\"true\"><i class=\"fa-fusion-box active-icon awb-icon-minus\" aria-hidden=\"true\"><\/i><i class=\"fa-fusion-box inactive-icon awb-icon-plus\" aria-hidden=\"true\"><\/i><\/span><span class=\"fusion-toggle-heading\">Avez-vous une assurance ?<\/span><\/a><\/h4><\/div><div id=\"59b32348560e35b3e\" class=\"panel-collapse collapse\" aria-labelledby=\"toggle_59b32348560e35b3e\"><div class=\"panel-body toggle-content fusion-clearfix\">\n<p>Bien s\u00fbr. Notre police d'assurance aupr\u00e8s de Generali Czech Republic couvre tout ce qui peut se passer pendant l'installation de votre cuisine.<\/p>\n<\/div><\/div><\/div><div class=\"fusion-panel panel-default panel-750c26781110684f1 fusion-toggle-no-divider fusion-toggle-boxed-mode\" style=\"--awb-title-color:var(--awb-color8);--awb-content-color:var(--awb-color8);\"><div class=\"panel-heading\"><h4 class=\"panel-title toggle\" id=\"toggle_750c26781110684f1\"><a aria-expanded=\"false\" aria-controls=\"750c26781110684f1\" role=\"button\" data-toggle=\"collapse\" data-parent=\"#accordion-20-2\" data-target=\"#750c26781110684f1\" href=\"#750c26781110684f1\"><span class=\"fusion-toggle-icon-wrapper\" aria-hidden=\"true\"><i class=\"fa-fusion-box active-icon awb-icon-minus\" aria-hidden=\"true\"><\/i><i class=\"fa-fusion-box inactive-icon awb-icon-plus\" aria-hidden=\"true\"><\/i><\/span><span class=\"fusion-toggle-heading\">Fournissez-vous \u00e9galement des mat\u00e9riaux tels que des vis, du silicone, de la colle, etc.<\/span><\/a><\/h4><\/div><div id=\"750c26781110684f1\" class=\"panel-collapse collapse\" aria-labelledby=\"toggle_750c26781110684f1\"><div class=\"panel-body toggle-content fusion-clearfix\">\n<p>Oui. Nous vous apporterons tout ce dont vous avez besoin pour assembler votre cuisine IKEA.<\/p>\n<\/div><\/div><\/div><div class=\"fusion-panel panel-default panel-f886b8e54228044ef fusion-toggle-no-divider fusion-toggle-boxed-mode\" style=\"--awb-title-color:var(--awb-color8);--awb-content-color:var(--awb-color8);\"><div class=\"panel-heading\"><h4 class=\"panel-title toggle\" id=\"toggle_f886b8e54228044ef\"><a aria-expanded=\"false\" aria-controls=\"f886b8e54228044ef\" role=\"button\" data-toggle=\"collapse\" data-parent=\"#accordion-20-2\" data-target=\"#f886b8e54228044ef\" href=\"#f886b8e54228044ef\"><span class=\"fusion-toggle-icon-wrapper\" aria-hidden=\"true\"><i class=\"fa-fusion-box active-icon awb-icon-minus\" aria-hidden=\"true\"><\/i><i class=\"fa-fusion-box inactive-icon awb-icon-plus\" aria-hidden=\"true\"><\/i><\/span><span class=\"fusion-toggle-heading\">Avez-vous des exigences de la part de vos clients ?<\/span><\/a><\/h4><\/div><div id=\"f886b8e54228044ef\" class=\"panel-collapse collapse\" aria-labelledby=\"toggle_f886b8e54228044ef\"><div class=\"panel-body toggle-content fusion-clearfix\">\n<p>Nous avons besoin d'un espace propre, sans aucun mat\u00e9riau de construction. Aucun travail de construction ne doit avoir lieu dans l'ensemble de l'appartement ou de la maison pendant l'installation. Nous avons besoin d'\u00e9lectricit\u00e9 (prises) et de toilettes en \u00e9tat de marche.<\/p>\n<\/div><\/div><\/div><div class=\"fusion-panel panel-default panel-0cbba4ec401fbd2e2 fusion-toggle-no-divider fusion-toggle-boxed-mode\" style=\"--awb-title-color:var(--awb-color8);--awb-content-color:var(--awb-color8);\"><div class=\"panel-heading\"><h4 class=\"panel-title toggle\" id=\"toggle_0cbba4ec401fbd2e2\"><a aria-expanded=\"false\" aria-controls=\"0cbba4ec401fbd2e2\" role=\"button\" data-toggle=\"collapse\" data-parent=\"#accordion-20-2\" data-target=\"#0cbba4ec401fbd2e2\" href=\"#0cbba4ec401fbd2e2\"><span class=\"fusion-toggle-icon-wrapper\" aria-hidden=\"true\"><i class=\"fa-fusion-box active-icon awb-icon-minus\" aria-hidden=\"true\"><\/i><i class=\"fa-fusion-box inactive-icon awb-icon-plus\" aria-hidden=\"true\"><\/i><\/span><span class=\"fusion-toggle-heading\">Venez-vous vraiment en R\u00e9publique tch\u00e8que ?<\/span><\/a><\/h4><\/div><div id=\"0cbba4ec401fbd2e2\" class=\"panel-collapse collapse\" aria-labelledby=\"toggle_0cbba4ec401fbd2e2\"><div class=\"panel-body toggle-content fusion-clearfix\">\n<p>Oui. Nous aimons voyager en R\u00e9publique tch\u00e8que et d\u00e9couvrir ses beaut\u00e9s. Nous roulons au GNC, nos frais de transport ne seront donc pas \u00e9lev\u00e9s.<\/p>\n<\/div><\/div><\/div><\/div><\/div><\/div><\/div><\/div><\/div>","protected":false},"excerpt":{"rendered":"","protected":false},"author":1,"featured_media":0,"parent":0,"menu_order":0,"comment_status":"closed","ping_status":"closed","template":"100-width.php","meta":{"footnotes":""},"class_list":["post-20","page","type-page","status-publish","hentry"],"_links":{"self":[{"href":"https:\/\/jdemenakuchyn.cz\/fr\/wp-json\/wp\/v2\/pages\/20","targetHints":{"allow":["GET"]}}],"collection":[{"href":"https:\/\/jdemenakuchyn.cz\/fr\/wp-json\/wp\/v2\/pages"}],"about":[{"href":"https:\/\/jdemenakuchyn.cz\/fr\/wp-json\/wp\/v2\/types\/page"}],"author":[{"embeddable":true,"href":"https:\/\/jdemenakuchyn.cz\/fr\/wp-json\/wp\/v2\/users\/1"}],"replies":[{"embeddable":true,"href":"https:\/\/jdemenakuchyn.cz\/fr\/wp-json\/wp\/v2\/comments?post=20"}],"version-history":[{"count":6,"href":"https:\/\/jdemenakuchyn.cz\/fr\/wp-json\/wp\/v2\/pages\/20\/revisions"}],"predecessor-version":[{"id":10328,"href":"https:\/\/jdemenakuchyn.cz\/fr\/wp-json\/wp\/v2\/pages\/20\/revisions\/10328"}],"wp:attachment":[{"href":"https:\/\/jdemenakuchyn.cz\/fr\/wp-json\/wp\/v2\/media?parent=20"}],"curies":[{"name":"wp","href":"https:\/\/api.w.org\/{rel}","templated":true}]}}